{"id":6,"date":"2007-05-09T05:06:39","date_gmt":"2007-05-09T02:06:39","guid":{"rendered":"https:\/\/www.ilkercanikligil.com\/?page_id=6"},"modified":"2015-01-19T19:01:20","modified_gmt":"2015-01-19T16:01:20","slug":"kitaplar","status":"publish","type":"page","link":"https:\/\/ilkercanikligil.me\/index.php\/kitaplar\/","title":{"rendered":"<!--:tr-->kitap<!--:--><!--:en-->books<!--:-->"},"content":{"rendered":"<p><!--:tr--><strong><a href=\"https:\/\/www.ilkercanikligil.com\/wp-content\/uploads\/dijitalvideoilesinema.jpg\"><img loading=\"lazy\" decoding=\"async\" class=\"alignleft size-medium wp-image-2969\" src=\"https:\/\/www.ilkercanikligil.com\/wp-content\/uploads\/dijitalvideoilesinema-500x306.jpg\" alt=\"dijitalvideoilesinema\" width=\"500\" height=\"306\" \/><\/a><\/strong><\/p>\n<p><a href=\"http:\/\/www.idefix.com\/kitap\/dijital-video-ile-sinema-ilker-canikligil\/tanim.asp?sid=LS8MK1GZCV4VT5WU05IS\"><strong>Dijital Video ile Sinema<\/strong><\/a><\/p>\n<p><strong>Metin ve G\u00f6rseller: \u0130lker Canikligil<br \/>\n267 sayfa, renkli , ku\u015fe<\/strong><strong><br \/>\n<\/strong><strong>Alfa Yay\u0131nlar\u0131, Yenilenmi\u015f 1. Bask\u0131 Aral\u0131k\u00c2\u00a02014<br \/>\nPusula Yay\u0131nlar\u0131, Ekim 2007 (T\u00fckendi)<\/strong><\/p>\n<p>Dijital Video ile Sinema adl\u0131 kitab\u0131m\u0131 hem t\u00fckendi\u011fi hem de eskidi\u011fi i\u00e7in 2014??te tamamen g\u00fcncelledim\u00c2\u00a0ve daha i\u00e7ime sinen bir tasar\u0131mla Alfa Yay\u0131nlar\u0131??ndan bas\u0131lmas\u0131n\u0131 sa\u011flad\u0131m.<\/p>\n<p>2007??den bu yana o kadar \u00e7ok geli\u015fme oldu ki bu yeni bask\u0131da neredeyse her sat\u0131r elden ge\u00e7ti\u00c2\u00a0diyebilirim. 350 adet g\u00f6rsel malzemenin \u00e7o\u011fu yenilendi, de\u011fi\u015fti, baz\u0131 b\u00f6l\u00fcmler yeni eklendi, baz\u0131 b\u00f6l\u00fcmler de yeniden yaz\u0131ld\u0131.<\/p>\n<p>Kitap bu yenilenmi\u015f bask\u0131s\u0131yla 2007??den sonra\u00c2\u00a0ortaya \u00e7\u0131kan\u00c2\u00a0HDSLR gibi kavramlar\u0131n yan\u0131 s\u0131ra renk d\u00fczenleme, ham video kayd\u0131 gibi geli\u015fmeleri de ele al\u0131yor.<\/p>\n<p><a href=\"http:\/\/www.idefix.com\/kitap\/dijital-video-ile-sinema-ilker-canikligil\/tanim.asp?sid=LS8MK1GZCV4VT5WU05IS\">\u015euradan<\/a> sat\u0131n al\u0131nabilir.<\/p>\n<p><strong>G\u00f6z K\u0131rparken ?? Yazan: Walter Murch<\/strong><\/p>\n<p><strong>\u00c7eviri: \u0130lker Canikligil<br \/>\nBilgi Yay\u0131nlar\u0131 \/ 1. Bask\u0131 Haziran 2005 \/ 2. Bask\u0131 Nisan 2007<\/strong><\/p>\n<p><span id=\"more-6\"><\/span>Gelmi\u015f ge\u00e7mi\u015f en \u00f6nemli kurguculardan Walter Murch??un kitab\u0131n\u0131 okur okumaz \u00e7arp\u0131lm\u0131\u015ft\u0131m. 2004 y\u0131l\u0131nda \u00e7eviriyi yapt\u0131m ancak uzun s\u00fcre yay\u0131nc\u0131 bulamad\u0131m. Sonunda 2005 ortas\u0131nda (ne yaz\u0131k ki i\u00e7ime sinmeyen bir kapak tasar\u0131m\u0131yla) Bilgi Yay\u0131nlar\u0131??dan \u00e7\u0131kt\u0131. K\u0131sa s\u00fcrede t\u00fckenen kitab\u0131n ikinci bask\u0131s\u0131 Nisan 2007??de yap\u0131ld\u0131. \u015eu anda ne yaz\u0131k ki bask\u0131s\u0131 t\u00fckendi ve israrl\u0131 \u00e7abalar\u0131ma ra\u011fmen Bilgi \u00dcni. Yay\u0131nlar\u0131 taraf\u0131ndan bas\u0131lm\u0131yor.<\/p>\n<p><!--:--><\/p>\n","protected":false},"excerpt":{"rendered":"<p>Dijital Video ile Sinema Metin ve G\u00f6rseller: \u0130lker Canikligil 267 sayfa, renkli , ku\u015fe Alfa Yay\u0131nlar\u0131, Yenilenmi\u015f 1. Bask\u0131 Aral\u0131k\u00c2\u00a02014 Pusula Yay\u0131nlar\u0131, Ekim 2007 (T\u00fckendi) Dijital Video ile Sinema adl\u0131 kitab\u0131m\u0131 hem t\u00fckendi\u011fi hem de eskidi\u011fi i\u00e7in 2014??te tamamen g\u00fcncelledim\u00c2\u00a0ve daha i\u00e7ime sinen bir tasar\u0131mla Alfa Yay\u0131nlar\u0131??ndan bas\u0131lmas\u0131n\u0131 sa\u011flad\u0131m. 2007??den bu yana o kadar \u00e7ok &#8230; <a title=\"kitapbooks\" class=\"read-more\" href=\"https:\/\/ilkercanikligil.me\/index.php\/kitaplar\/\" aria-label=\"Read more about kitapbooks\">Devam\u0131n\u0131 oku<\/a><\/p>\n","protected":false},"author":1,"featured_media":0,"parent":0,"menu_order":6,"comment_status":"closed","ping_status":"closed","template":"","meta":{"footnotes":""},"class_list":["post-6","page","type-page","status-publish"],"_links":{"self":[{"href":"https:\/\/ilkercanikligil.me\/index.php\/wp-json\/wp\/v2\/pages\/6","targetHints":{"allow":["GET"]}}],"collection":[{"href":"https:\/\/ilkercanikligil.me\/index.php\/wp-json\/wp\/v2\/pages"}],"about":[{"href":"https:\/\/ilkercanikligil.me\/index.php\/wp-json\/wp\/v2\/types\/page"}],"author":[{"embeddable":true,"href":"https:\/\/ilkercanikligil.me\/index.php\/wp-json\/wp\/v2\/users\/1"}],"replies":[{"embeddable":true,"href":"https:\/\/ilkercanikligil.me\/index.php\/wp-json\/wp\/v2\/comments?post=6"}],"version-history":[{"count":12,"href":"https:\/\/ilkercanikligil.me\/index.php\/wp-json\/wp\/v2\/pages\/6\/revisions"}],"predecessor-version":[{"id":2974,"href":"https:\/\/ilkercanikligil.me\/index.php\/wp-json\/wp\/v2\/pages\/6\/revisions\/2974"}],"wp:attachment":[{"href":"https:\/\/ilkercanikligil.me\/index.php\/wp-json\/wp\/v2\/media?parent=6"}],"curies":[{"name":"wp","href":"https:\/\/api.w.org\/{rel}","templated":true}]}}