{"id":4,"date":"2007-05-09T04:58:49","date_gmt":"2007-05-09T11:58:49","guid":{"rendered":"https:\/\/www.ilkercanikligil.com\/?page_id=4"},"modified":"2018-04-24T12:44:04","modified_gmt":"2018-04-24T09:44:04","slug":"kisafilmler","status":"publish","type":"page","link":"https:\/\/ilkercanikligil.me\/index.php\/kisafilmler\/","title":{"rendered":"K\u0131sa Filmler"},"content":{"rendered":"<p>?K\u0131sa film nedir??\u009d. Bu inan\u0131lmayacak kadar anlams\u0131z soru ne yaz\u0131k ki y\u00fczlerce talihsiz T\u00fcrk k\u0131sa filmci taraf\u0131ndan tekrar tekrar cevapland\u0131. Bunlara ben de dahilim!<\/p>\n<p>1992 ?? 2017 aras\u0131nda a\u015fa\u011f\u0131daki k\u0131sa filmleri ger\u00e7ekle\u015ftirdim ve beklemedi\u011fim kadar \u00e7ok \u00f6d\u00fcl kazand\u0131m. Son iki yildir d\u00fczenledi\u011fim at\u00f6lyelerde kat\u0131l\u0131mc\u0131larla birlikte k\u0131sa filmler yap\u0131yoruz. Onlar\u0131 da\u00c2\u00a0<a href=\"http:\/\/www.vimeo.com\/channels\/yonetmenlikatolyesi\/\">\u015furadan <\/a>izleyebilirsiniz.<\/p>\n<p><img loading=\"lazy\" decoding=\"async\" class=\"wp-image-3562 alignleft\" src=\"https:\/\/www.ilkercanikligil.com\/wp-content\/uploads\/spainthumb.jpg\" alt=\"\" width=\"258\" height=\"109\" \/><\/p>\n<p>The Rain in Spain \/ \u0130spanya&#8217;da Ya\u011fmur<br \/>\n9:05 2018<\/p>\n<p><a href=\"https:\/\/www.youtube.com\/watch?v=SJiWExQGgYM\">Teaser izle<\/a><\/p>\n<p>&nbsp;<\/p>\n<p>&nbsp;<\/p>\n<p><img loading=\"lazy\" decoding=\"async\" class=\" wp-image-3458 alignleft\" src=\"https:\/\/www.ilkercanikligil.com\/wp-content\/uploads\/Untitled00000626-1.jpg\" alt=\"\" width=\"194\" height=\"109\" \/><\/p>\n<p><a href=\"https:\/\/vimeo.com\/182094141\"><span style=\"font-family: 'Lucida Grande', 'Lucida Sans', 'Lucida Sans Unicode', Verdana, Helvetica, Arial, sans-serif;\"><b><i>Allegretto<\/i><\/b><\/span><\/a>, Short Film, 4&#8217;29&#8221; 2017<\/p>\n<p><em><a href=\"https:\/\/vimeo.com\/197183731\">Fragman \/ Trailer<br \/>\n<\/a><\/em><a href=\"https:\/\/vimeo.com\/182094141\">Filmi izle<\/a><\/p>\n<p>&nbsp;<\/p>\n<p>&nbsp;<\/p>\n<p><a href=\"https:\/\/vimeo.com\/182097196\"><em><strong>Kutu &#8211; <img loading=\"lazy\" decoding=\"async\" class=\" wp-image-3358 alignleft\" src=\"https:\/\/www.ilkercanikligil.com\/wp-content\/uploads\/14141805_10153878999878527_1882596848293144866_n.jpg\" alt=\"14141805_10153878999878527_1882596848293144866_n\" width=\"197\" height=\"111\" \/>The Box<\/strong><\/em><\/a>, Short Film, 5&#8217;10&#8221; 2016<br \/>\n<a href=\"https:\/\/vimeo.com\/181029687\">Fragman \/ Trailer\u00c2\u00a0<\/a> \u00c2\u00a0<a href=\"https:\/\/vimeo.com\/182097196\"> Filmi \u0130zle<\/a><a href=\"https:\/\/vimeo.com\/181029687\"><br \/>\n<\/a>2017 <a href=\"http:\/\/www.cineglobe.ch\">7th Cineglobe International Film Festival<\/a> at Cern \/ Switzerland &#8211; Official Selection<\/p>\n<p>&nbsp;<\/p>\n<p>&nbsp;<\/p>\n<p><img loading=\"lazy\" decoding=\"async\" class=\"size-full wp-image-102 alignleft\" src=\"https:\/\/www.ilkercanikligil.com\/wp-content\/uploads\/slo21.jpg\" alt=\"slo21.jpg\" width=\"200\" height=\"113\" \/><\/p>\n<p><em><strong>Cum Grano Salis<\/strong><\/em>, Short Film, 1??15?\u009d 2007 <strong><a href=\"http:\/\/www.vimeo.com\/3160932\" target=\"_blank\" rel=\"noopener\">\u0130zlemek \u0130\u00e7in T\u0131klay\u0131n<\/a> (Vimeo HD) <\/strong>Golden Drum Advertising Festival in Slovenia in October 2007.<br \/>\n<strong><em><br \/>\n<\/em><\/strong><\/p>\n<p>&nbsp;<\/p>\n<p>&nbsp;<\/p>\n<p><strong><em>Simulacr<img loading=\"lazy\" decoding=\"async\" class=\" wp-image-24 alignleft\" src=\"https:\/\/www.ilkercanikligil.com\/wp-content\/uploads\/simu0002.jpg\" alt=\"simu0002.jpg\" width=\"144\" height=\"115\" \/>a<\/em> Short Video, 13 min. 2001 June <a href=\"http:\/\/vimeo.com\/6131346\">\u0130zlemek \u0130\u00e7in T\u0131klay\u0131n<\/a> <\/strong>2002, <a href=\"http:\/\/www.clermont-filmfest.com\/\">24th Clermont Ferrand Short Film Festival<\/a> ?? <a href=\"http:\/\/www.clermont-filmfest.com\/index.php?m=133&amp;c=3&amp;id_film=100027857&amp;o=176\">Mention Award<\/a> 2001\u00c2\u00a0<a href=\"http:\/\/www.cine5.com.tr\/\">4th Cine5 Short Film Competion<\/a> ?? Best Fiction Film 2002 <a href=\"http:\/\/www.ifistanbul.com\/\">1.AFM Independent Film Festival<\/a> ?? Best Film (by audience) 2002 <a href=\"http:\/\/www.arcipelagofilmfestival.org\/\">Arcipelago Short Film Festival<\/a> ?? Selection 2002 <a href=\"http:\/\/www.luff.ch\/\">Lausanne International Short Film Fest<\/a>. ?? Selection 2002<a href=\"http:\/\/www.kinofilm.org.uk\/\">7.Manchester International Short Film Fest<\/a> ?? BEST FILM<\/p>\n<p>&nbsp;<\/p>\n<p><img loading=\"lazy\" decoding=\"async\" class=\"size-full wp-image-25 alignleft\" src=\"https:\/\/www.ilkercanikligil.com\/wp-content\/uploads\/kedi1.jpg\" alt=\"kedi1.jpg\" width=\"142\" height=\"106\" \/><\/p>\n<p><strong><em>Kedi G\u00f6z\u00fc ?? The Cat Eye<\/em><\/strong><strong> Short video, 10 min. 1998 May<\/strong><br \/>\n<strong><a href=\"http:\/\/vimeo.com\/7978019\">\u0130zlemek \u0130\u00e7in T\u0131klay\u0131n<\/a><\/strong>1999, 3rd. International Bodrum Environmental Film Fest. Best Short Film \/ Critics Best Film 1999, 11th. Ankara Film Festival ?? Special Award<\/p>\n<p>&nbsp;<\/p>\n<p><img loading=\"lazy\" decoding=\"async\" class=\"size-full wp-image-26 alignleft\" src=\"https:\/\/www.ilkercanikligil.com\/wp-content\/uploads\/cap0033.jpg\" alt=\"cap0033.jpg\" width=\"150\" height=\"113\" \/><strong><em>Ucmak Istiyorum?\u009d ?? I want to fly<\/em> Short film , 35mm, 7 min. 1995 June<\/strong><br \/>\n<strong><a href=\"http:\/\/vimeo.com\/9259717\">\u0130zlemek \u0130\u00e7in T\u0131klay\u0131n<\/a><\/strong><br \/>\n1996 November, 2. International Antalya Film Festival screening<br \/>\n1996, 8th. Izmir Film Festival ?? Special Award 1996, August, Almanya Lich, Kino Traumstern screening<br \/>\n1996, 17. IFSAK National Film Festival ?? 3rd. Prize<br \/>\n<img loading=\"lazy\" decoding=\"async\" class=\"size-full wp-image-27 alignleft\" src=\"https:\/\/www.ilkercanikligil.com\/wp-content\/uploads\/agac.gif\" alt=\"agac.gif\" width=\"149\" height=\"127\" \/> <strong><em>Aga\u00e7 ?? The Tree\u00c2\u00a0<\/em><\/strong><strong>Short Film, video, 10 min. 1994 June Digitally restored 2002\u00c2\u00a0<\/strong><strong><a href=\"https:\/\/vimeo.com\/album\/1549185\/video\/170004440\">\u0130zlemek \u0130\u00e7in T\u0131klay\u0131n<\/a>\u00c2\u00a0<\/strong>1995, Cine 5 pay TV airing: 8 March 1995 ve 15 March 1995 1995, Marmara University Communication Faculty Short Film Competition: 2. Prize 1995, 7. Izmir Film Festival ?? Best Film 1995, 16. iFSAK National Short Film Fest. ?? Best Film 1994, 8. Adana Film Festival Short Film Competition ?? Best Film \/ Best Videography 1994, TC Ministry of Culture, Support Grant; (for script)<\/p>\n<p><img loading=\"lazy\" decoding=\"async\" class=\"size-full wp-image-28 alignleft\" src=\"https:\/\/www.ilkercanikligil.com\/wp-content\/uploads\/nobet.gif\" alt=\"nobet.gif\" width=\"189\" height=\"93\" \/> <strong><em>N\u00f6bet\u00e7i ?? The Watchman <\/em><\/strong><strong>Short Film, video, 11 min. 1992 December<\/strong> (Digitally Restored 2007) 1993, 5. Ankara Film Festival National Short Film Competition ?? Third Prize<\/p>\n<p align=\"left\"><!--:--><\/p>\n","protected":false},"excerpt":{"rendered":"<p>?K\u0131sa film nedir??\u009d. Bu inan\u0131lmayacak kadar anlams\u0131z soru ne yaz\u0131k ki y\u00fczlerce talihsiz T\u00fcrk k\u0131sa filmci taraf\u0131ndan tekrar tekrar cevapland\u0131. Bunlara ben de dahilim! 1992 ?? 2017 aras\u0131nda a\u015fa\u011f\u0131daki k\u0131sa filmleri ger\u00e7ekle\u015ftirdim ve beklemedi\u011fim kadar \u00e7ok \u00f6d\u00fcl kazand\u0131m. Son iki yildir d\u00fczenledi\u011fim at\u00f6lyelerde kat\u0131l\u0131mc\u0131larla birlikte k\u0131sa filmler yap\u0131yoruz. Onlar\u0131 da\u00c2\u00a0\u015furadan izleyebilirsiniz. The Rain in Spain &#8230; <a title=\"K\u0131sa Filmler\" class=\"read-more\" href=\"https:\/\/ilkercanikligil.me\/index.php\/kisafilmler\/\" aria-label=\"Read more about K\u0131sa Filmler\">Devam\u0131n\u0131 oku<\/a><\/p>\n","protected":false},"author":1,"featured_media":0,"parent":0,"menu_order":9,"comment_status":"closed","ping_status":"closed","template":"","meta":{"footnotes":""},"class_list":["post-4","page","type-page","status-publish"],"_links":{"self":[{"href":"https:\/\/ilkercanikligil.me\/index.php\/wp-json\/wp\/v2\/pages\/4","targetHints":{"allow":["GET"]}}],"collection":[{"href":"https:\/\/ilkercanikligil.me\/index.php\/wp-json\/wp\/v2\/pages"}],"about":[{"href":"https:\/\/ilkercanikligil.me\/index.php\/wp-json\/wp\/v2\/types\/page"}],"author":[{"embeddable":true,"href":"https:\/\/ilkercanikligil.me\/index.php\/wp-json\/wp\/v2\/users\/1"}],"replies":[{"embeddable":true,"href":"https:\/\/ilkercanikligil.me\/index.php\/wp-json\/wp\/v2\/comments?post=4"}],"version-history":[{"count":43,"href":"https:\/\/ilkercanikligil.me\/index.php\/wp-json\/wp\/v2\/pages\/4\/revisions"}],"predecessor-version":[{"id":3565,"href":"https:\/\/ilkercanikligil.me\/index.php\/wp-json\/wp\/v2\/pages\/4\/revisions\/3565"}],"wp:attachment":[{"href":"https:\/\/ilkercanikligil.me\/index.php\/wp-json\/wp\/v2\/media?parent=4"}],"curies":[{"name":"wp","href":"https:\/\/api.w.org\/{rel}","templated":true}]}}