{"id":2,"date":"2007-05-09T04:39:08","date_gmt":"2007-05-09T11:39:08","guid":{"rendered":""},"modified":"2022-01-27T13:52:19","modified_gmt":"2022-01-27T10:52:19","slug":"about","status":"publish","type":"page","link":"https:\/\/ilkercanikligil.me\/index.php\/about\/","title":{"rendered":"kim?"},"content":{"rendered":"<p><!--:tr--><\/p>\n<div class=\"entry-header\">\n<div class=\"entry-header\">\n<p><span style=\"font-size: 10px;\"><a href=\"https:\/\/www.ilkercanikligil.com\/wp-content\/uploads\/A0000771.jpg\"><img loading=\"lazy\" decoding=\"async\" class=\"alignleft size-full wp-image-1836\" src=\"https:\/\/www.ilkercanikligil.com\/wp-content\/uploads\/A0000771.jpg\" alt=\"A0000771\" width=\"201\" height=\"300\" \/><\/a><\/span>1991??de Saint Joseph Frans\u0131z lisesini bitirdim. 1992??de Marmara \u00dcniversitesi Sinema TV B\u00f6l\u00fcm\u00fc??ne girdim.<\/p>\n<p>D\u00f6rt y\u0131ll\u0131k e\u011fitim boyunca \u00fc\u00e7 <a href=\"https:\/\/www.ilkercanikligil.com\/?page_id=4\">k\u0131sa film<\/a> (N\u00f6bet\u00e7i 1992, A\u011fa\u00e7 1994, U\u00e7mak \u0130stiyorum 1995) yapt\u0131m ve bu filmlerle bir \u00e7ok \u00f6d\u00fcl kazand\u0131m. Okul bittikten sonra bir s\u00fcre reklam filmi sekt\u00f6r\u00fcnde \u00e7al\u0131\u015ft\u0131m bu arada y\u00fcksek lisans ve sanatta yeterlik programlar\u0131na devam ettim.<\/p>\n<p>1999??da \u0130stanbul Bilgi \u00dcniversitesi Sinema TV B\u00f6l\u00fcm\u00fc??nde ders vermeye ba\u015flad\u0131m. 1998??de \u00e7ekti\u011fim ?Kedi G\u00f6z\u00fc?\u009d ve 2001??de \u00e7ekti\u011fim ?<a href=\"http:\/\/vimeo.com\/6131346\">Simulacra<\/a>?\u009d adl\u0131 k\u0131sa filmlerle yurt i\u00e7inde ve d\u0131\u015f\u0131nda bir \u00e7ok \u00f6d\u00fcl kazand\u0131m. Bunlar\u0131n en \u00f6nemlisi 2002??de d\u00fcnyan\u0131n en \u00f6nemli k\u0131sa film festivali say\u0131lan <a href=\"http:\/\/www.clermont-filmfest.com\/index.php?m=133&amp;c=3&amp;id_film=100027857&amp;o=176\">Clermont Ferrand<\/a>??da kazand\u0131\u011f\u0131m\u00c2\u00a0<a href=\"http:\/\/www.imdb.com\/event\/ev0000184\/2002\">\u00f6d\u00fcld\u00fc<\/a>. Ayn\u0131 y\u0131l yard\u0131mc\u0131 do\u00e7ent oldum. 2005 y\u0131l\u0131nda d\u00fcnyaca \u00fcnl\u00fc kurgucu Walter Murch??\u00fcn ?In The Blink of An Eye?\u009d adl\u0131 kitab\u0131n\u0131 ?<a href=\"http:\/\/www.bilgiyay.com\/bookdetails.asp?id=115&amp;r=7\/13\/2005+10%3A33%3A45+PM\">G\u00f6z K\u0131rparken<\/a>?\u009d ad\u0131yla \u00e7evirdim. Kitap Bilgi Yay\u0131nlar\u0131??ndan \u00e7\u0131kt\u0131.<\/p>\n<p>2006 y\u0131l\u0131nda akademiden istifa ederek ayr\u0131ld\u0131m. Ayn\u0131 y\u0131l <a href=\"http:\/\/www.youtube.com\/watch?v=biZ5Pkhlyv8\">?Ecinniler?\u009d<\/a>adl\u0131 bir dizinin pilot b\u00f6l\u00fcm\u00fcn\u00fc y\u00f6nettim. Hemen arkas\u0131ndan <a href=\"https:\/\/www.youtube.com\/watch?v=6Y2M9r7P5qY\">?Gen?\u009d<\/a> adl\u0131 filmi kurgulad\u0131m ve 13. Adana Alt\u0131n Koza Film Festivali??nde ?En \u0130yi Kurgu?\u009d \u00f6d\u00fcl\u00fcn\u00fc kazand\u0131m.<\/p>\n<p>2007??de <a href=\"http:\/\/www.hepsiburada.com\/dijital-video-ile-sinema-p-KALFA69609?magaza=Evrensel%20Kitabevleri&amp;cn=true\" target=\"_blank\" rel=\"noopener noreferrer\">?Dijital Video ile Sinema?\u009d<\/a>\u00c2\u00a0adl\u0131 kitab\u0131m \u00e7\u0131kt\u0131. 2014&#8217;te g\u00fcncelledi\u011fim kitap bir \u00e7ok Sinema TV B\u00f6l\u00fcm\u00fcnde video yap\u0131m derslerinde kullan\u0131l\u0131yor.<\/p>\n<p>2006??dan bu yana serbest <a href=\"http:\/\/showreel.ilkercanikligil.com\/\">reklam y\u00f6netmeni<\/a> olarak Toyota, Akbank, TEB, Beko, Selpak, Vestel, Frito Lay, Citibank, Reckitt Benckiser, Ray Sigorta, Eti, \u00dclker, Teknosa, Carrefour gibi m\u00fc\u015fteriler i\u00e7in Euro RSCG, RPM Radar, TBWA, Yorum Publicis, G\u00fczel Sanatlar Saatchi, Grey, Alice BBDO, Drive Dentsu gibi reklam ajanslar\u0131yla \u00e7al\u0131\u015ft\u0131m.<\/p>\n<p>2010-2014 aras\u0131 yar\u0131 zamanl\u0131 olarak Bah\u00e7e\u015fehir \u00dcniversitesi Foto\u011fraf ve Video B\u00f6l\u00fcm\u00fcnde ?Cinematography?\u009d adl\u0131 dersi verdim. 2014-2019 aras\u0131nda\u00c2\u00a0olarak \u0130stanbul Film Akademi??de <a href=\"http:\/\/www.vimeo.com\/channels\/yonetmenlikatolyesi\">Y\u00f6netmenlik At\u00f6lyeleri<\/a> y\u00fcr\u00fctt\u00fcm.<\/p>\n<p>Foto\u011fraf alan\u0131nda 2013 ?? 2014 aras\u0131nda \u0130stanbul??da Galeri Art On ile \u00e7al\u0131\u015ft\u0131m. 2013&#8217;te Contemporary Istanbul&#8217;a katildim ve ilk ki\u015fisel foto\u011fraf sergimi 18\u00c2\u00a0Aral\u0131k 2013??te Zorlu Center PSM alan\u0131nda a\u00e7t\u0131m.<\/p>\n<p>Sergideki i\u015flere <a href=\"http:\/\/photography.ilkercanikligil.com\/\">\u015furadan<\/a>\u00c2\u00a0ula\u015f\u0131labilir.<\/p>\n<\/div>\n<p>&#8220;Olmaz \u00d6yle sa\u00e7ma \u015eey!&#8221; adl\u0131 Youtube programimi <a href=\"https:\/\/www.youtube.com\/playlist?list=PL4sLdg6opbB7nXU2gL_DaSr7xa8zppmKG\">\u015furadan <\/a>izleyebilirsiniz. Program filmcilik ve teknolojiyle ilgili efsane ve yanl\u0131\u015f inan\u0131\u015flar\u0131 hicivsel bir dille ele al\u0131yor.<\/p>\n<\/div>\n<p>2019&#8217;dan bu yana <a href=\"http:\/\/flutv.online\">FluTV<\/a> ad\u0131yla kendi kanal\u0131m\u0131 y\u00f6netiyorum. 650 bin aboneli kanal\u0131 <a href=\"http:\/\/flutv.me\">\u015furadan<\/a> destekleyebilirsiniz.<\/p>\n<div class=\"entry-header\">\n<div class=\"entry-header\">\n<p><strong>Sergi ve Fuarlar:<\/strong><\/p>\n<p><strong>2014<\/strong> ?? CONTRA Contemporary Turkish Art Fair, London<\/p>\n<p><strong>2013<\/strong>\u00c2\u00a0?? <a href=\"http:\/\/photography.ilkercanikligil.com\">More is Less* \u00c7ok Asl\u0131nda Azd\u0131r<\/a> ?? Solo Sergi Zorlu Center PSM Istanbul (Art ON)<\/p>\n<p><strong>2013<\/strong>\u00c2\u00a0?? Contemporary Istanbul \u00c7a\u011fda\u015f Sanat Fuar\u0131 \/ \u0130stanbul<\/p>\n<p><strong>2013<\/strong>\u00c2\u00a0?? Crossroads III ?? Karma Sergi \/ Art On Istanbul<\/p>\n<p><strong>2005<\/strong>\u00c2\u00a0??Telecity ?? Cur: Ba\u015fak \u015eenova ?? Karma Sergi \/ Siemens Sanat \u0130stanbul<\/p>\n<\/div>\n<\/div>\n<p><!--:--><\/p>\n","protected":false},"excerpt":{"rendered":"<p>1991??de Saint Joseph Frans\u0131z lisesini bitirdim. 1992??de Marmara \u00dcniversitesi Sinema TV B\u00f6l\u00fcm\u00fc??ne girdim. D\u00f6rt y\u0131ll\u0131k e\u011fitim boyunca \u00fc\u00e7 k\u0131sa film (N\u00f6bet\u00e7i 1992, A\u011fa\u00e7 1994, U\u00e7mak \u0130stiyorum 1995) yapt\u0131m ve bu filmlerle bir \u00e7ok \u00f6d\u00fcl kazand\u0131m. Okul bittikten sonra bir s\u00fcre reklam filmi sekt\u00f6r\u00fcnde \u00e7al\u0131\u015ft\u0131m bu arada y\u00fcksek lisans ve sanatta yeterlik programlar\u0131na devam ettim. 1999??da &#8230; <a title=\"kim?\" class=\"read-more\" href=\"https:\/\/ilkercanikligil.me\/index.php\/about\/\" aria-label=\"Read more about kim?\">Devam\u0131n\u0131 oku<\/a><\/p>\n","protected":false},"author":1,"featured_media":0,"parent":0,"menu_order":0,"comment_status":"closed","ping_status":"open","template":"","meta":{"footnotes":""},"class_list":["post-2","page","type-page","status-publish"],"_links":{"self":[{"href":"https:\/\/ilkercanikligil.me\/index.php\/wp-json\/wp\/v2\/pages\/2","targetHints":{"allow":["GET"]}}],"collection":[{"href":"https:\/\/ilkercanikligil.me\/index.php\/wp-json\/wp\/v2\/pages"}],"about":[{"href":"https:\/\/ilkercanikligil.me\/index.php\/wp-json\/wp\/v2\/types\/page"}],"author":[{"embeddable":true,"href":"https:\/\/ilkercanikligil.me\/index.php\/wp-json\/wp\/v2\/users\/1"}],"replies":[{"embeddable":true,"href":"https:\/\/ilkercanikligil.me\/index.php\/wp-json\/wp\/v2\/comments?post=2"}],"version-history":[{"count":66,"href":"https:\/\/ilkercanikligil.me\/index.php\/wp-json\/wp\/v2\/pages\/2\/revisions"}],"predecessor-version":[{"id":3695,"href":"https:\/\/ilkercanikligil.me\/index.php\/wp-json\/wp\/v2\/pages\/2\/revisions\/3695"}],"wp:attachment":[{"href":"https:\/\/ilkercanikligil.me\/index.php\/wp-json\/wp\/v2\/media?parent=2"}],"curies":[{"name":"wp","href":"https:\/\/api.w.org\/{rel}","templated":true}]}}