{"id":12,"date":"2007-05-09T07:59:43","date_gmt":"2007-05-09T04:59:43","guid":{"rendered":"https:\/\/www.ilkercanikligil.com\/?page_id=12"},"modified":"2016-06-09T18:16:25","modified_gmt":"2016-06-09T15:16:25","slug":"fotografik-isler","status":"publish","type":"page","link":"https:\/\/ilkercanikligil.me\/index.php\/fotografik-isler\/","title":{"rendered":"fotografik i\u015fler"},"content":{"rendered":"<p><!--:tr-->Y\u00f6netmenli\u011fin yan\u0131 s\u0131ra 1991&#8217;den beri fotograf cekiyorum. 1992 &#8211; 1995 aras\u0131 kendi karanl\u0131k odamda bask\u0131lar yap\u0131yordum fakat 2006&#8217;dan bu yana sadece DSLR&#8217;lar ile foto\u011fraf \u00e7ekiyorum.<\/p>\n<p><span style=\"font-size: 1em; line-height: 2em;\">2013&#8217;ten 2014 aras\u0131 \u0130stanbul&#8217;da Galeri <\/span>Art On<span style=\"font-size: 1em; line-height: 2em;\">\u00c2\u00a0ile calistim.<\/span><\/p>\n<p><a href=\"http:\/\/photography.ilkercanikligil.com\">photography.ilkercanikligil.com<\/a> adresinden islerimi inceleyebilirsiniz veya<\/p>\n<p><a href=\"https:\/\/theartstack.com\/artists\/ilker-canikligil\">https:\/\/theartstack.com\/artists\/ilker-canikligil<\/a> adresine gidebilirsiniz.<\/p>\n<p>Daha g\u00fcndelik fotograflar\u0131mdan baz\u0131lar\u0131n\u0131<\/p>\n<p><a href=\"http:\/\/www.flickr.com\/photos\/ilkerc\" target=\"_blank\">http:\/\/www.flickr.com\/photos\/ilkerc<\/a>\u00c2\u00a0adresinde g\u00f6rebilirsiniz.<\/p>\n<p>Ticari foto\u011fraflar\u0131m\u0131 <a href=\"https:\/\/pro.scoopshot.com\/portfolio\/1678530\">\u015furadan<\/a> inceleyebilirsiniz.<\/p>\n<p>Instagram&#8217;a sinir olsam da uzak durmak zor. Ona da a\u015fa\u011f\u0131daki logoya t\u0131klayarak bakabilirsiniz.<\/p>\n<p><a class=\"ig-b- ig-b-48\" href=\"http:\/\/instagram.com\/ilkercanikligil?ref=badge\"><img decoding=\"async\" src=\"\/\/badges.instagram.com\/static\/images\/ig-badge-48.png\" alt=\"Instagram\" \/><\/a><\/p>\n<p><!--:--><!--:en--><\/p>\n<p><!--:--><\/p>\n","protected":false},"excerpt":{"rendered":"<p>Y\u00f6netmenli\u011fin yan\u0131 s\u0131ra 1991&#8217;den beri fotograf cekiyorum. 1992 &#8211; 1995 aras\u0131 kendi karanl\u0131k odamda bask\u0131lar yap\u0131yordum fakat 2006&#8217;dan bu yana sadece DSLR&#8217;lar ile foto\u011fraf \u00e7ekiyorum. 2013&#8217;ten 2014 aras\u0131 \u0130stanbul&#8217;da Galeri Art On\u00c2\u00a0ile calistim. photography.ilkercanikligil.com adresinden islerimi inceleyebilirsiniz veya https:\/\/theartstack.com\/artists\/ilker-canikligil adresine gidebilirsiniz. Daha g\u00fcndelik fotograflar\u0131mdan baz\u0131lar\u0131n\u0131 http:\/\/www.flickr.com\/photos\/ilkerc\u00c2\u00a0adresinde g\u00f6rebilirsiniz. Ticari foto\u011fraflar\u0131m\u0131 \u015furadan inceleyebilirsiniz. Instagram&#8217;a sinir olsam da &#8230; <a title=\"fotografik i\u015fler\" class=\"read-more\" href=\"https:\/\/ilkercanikligil.me\/index.php\/fotografik-isler\/\" aria-label=\"Read more about fotografik i\u015fler\">Devam\u0131n\u0131 oku<\/a><\/p>\n","protected":false},"author":1,"featured_media":0,"parent":0,"menu_order":2,"comment_status":"closed","ping_status":"closed","template":"","meta":{"footnotes":""},"class_list":["post-12","page","type-page","status-publish"],"_links":{"self":[{"href":"https:\/\/ilkercanikligil.me\/index.php\/wp-json\/wp\/v2\/pages\/12","targetHints":{"allow":["GET"]}}],"collection":[{"href":"https:\/\/ilkercanikligil.me\/index.php\/wp-json\/wp\/v2\/pages"}],"about":[{"href":"https:\/\/ilkercanikligil.me\/index.php\/wp-json\/wp\/v2\/types\/page"}],"author":[{"embeddable":true,"href":"https:\/\/ilkercanikligil.me\/index.php\/wp-json\/wp\/v2\/users\/1"}],"replies":[{"embeddable":true,"href":"https:\/\/ilkercanikligil.me\/index.php\/wp-json\/wp\/v2\/comments?post=12"}],"version-history":[{"count":44,"href":"https:\/\/ilkercanikligil.me\/index.php\/wp-json\/wp\/v2\/pages\/12\/revisions"}],"predecessor-version":[{"id":3293,"href":"https:\/\/ilkercanikligil.me\/index.php\/wp-json\/wp\/v2\/pages\/12\/revisions\/3293"}],"wp:attachment":[{"href":"https:\/\/ilkercanikligil.me\/index.php\/wp-json\/wp\/v2\/media?parent=12"}],"curies":[{"name":"wp","href":"https:\/\/api.w.org\/{rel}","templated":true}]}}