{"id":1092,"date":"2009-06-05T02:17:04","date_gmt":"2009-06-04T23:17:04","guid":{"rendered":"https:\/\/www.ilkercanikligil.com\/?page_id=1092"},"modified":"2014-06-28T09:01:39","modified_gmt":"2014-06-28T06:01:39","slug":"sss2","status":"publish","type":"page","link":"https:\/\/ilkercanikligil.me\/index.php\/sss2\/","title":{"rendered":"SSS"},"content":{"rendered":"<p>Bana y\u0131llard\u0131r s\u00fcrekli sorulan bir tak\u0131m sorular var. Bunlar\u0131 toptan cevaplamak i\u00e7in b\u00f6yle bir sayfa a\u00e7maya karar verdim. Soru sormak i\u00e7in asagidaki formu kullanabilirsiniz. E-posta adresinizi girerseniz sorunuz cevaplandiginda uyari mesaji alacaksiniz. Tabi e-posta adresinizi vermek zorunda de\u011filsiniz&#8230;<\/p>\n<p>PS: Konu ba\u015fl\u0131klar\u0131na ait sorular\u0131 o konular\u0131n alt\u0131na comment olarak eklemenizde yarar var. Burada daha genel, blogdaki herhangi bir konuya dahil olmayan ve ad\u0131 \u00fcst\u00fcnde SIK SORULAN sorulara cevap vermek istiyorum.<\/p>\n<p>Bana ozel eposta yollamak istiyorsaniz adim soyadim gmail adresini kullanabilirsiniz.<\/p>\n<p>Te\u015fekk\u00fcrler. [faq ask ilkerc] [faq list ilkerc]<\/p>\n","protected":false},"excerpt":{"rendered":"<p>Bana y\u0131llard\u0131r s\u00fcrekli sorulan bir tak\u0131m sorular var. Bunlar\u0131 toptan cevaplamak i\u00e7in b\u00f6yle bir sayfa a\u00e7maya karar verdim. Soru sormak i\u00e7in asagidaki formu kullanabilirsiniz. E-posta adresinizi girerseniz sorunuz cevaplandiginda uyari mesaji alacaksiniz. Tabi e-posta adresinizi vermek zorunda de\u011filsiniz&#8230; PS: Konu ba\u015fl\u0131klar\u0131na ait sorular\u0131 o konular\u0131n alt\u0131na comment olarak eklemenizde yarar var. Burada daha genel, blogdaki &#8230; <a title=\"SSS\" class=\"read-more\" href=\"https:\/\/ilkercanikligil.me\/index.php\/sss2\/\" aria-label=\"Read more about SSS\">Devam\u0131n\u0131 oku<\/a><\/p>\n","protected":false},"author":5,"featured_media":0,"parent":0,"menu_order":17,"comment_status":"closed","ping_status":"open","template":"","meta":{"footnotes":""},"class_list":["post-1092","page","type-page","status-publish"],"_links":{"self":[{"href":"https:\/\/ilkercanikligil.me\/index.php\/wp-json\/wp\/v2\/pages\/1092","targetHints":{"allow":["GET"]}}],"collection":[{"href":"https:\/\/ilkercanikligil.me\/index.php\/wp-json\/wp\/v2\/pages"}],"about":[{"href":"https:\/\/ilkercanikligil.me\/index.php\/wp-json\/wp\/v2\/types\/page"}],"author":[{"embeddable":true,"href":"https:\/\/ilkercanikligil.me\/index.php\/wp-json\/wp\/v2\/users\/5"}],"replies":[{"embeddable":true,"href":"https:\/\/ilkercanikligil.me\/index.php\/wp-json\/wp\/v2\/comments?post=1092"}],"version-history":[{"count":15,"href":"https:\/\/ilkercanikligil.me\/index.php\/wp-json\/wp\/v2\/pages\/1092\/revisions"}],"predecessor-version":[{"id":2870,"href":"https:\/\/ilkercanikligil.me\/index.php\/wp-json\/wp\/v2\/pages\/1092\/revisions\/2870"}],"wp:attachment":[{"href":"https:\/\/ilkercanikligil.me\/index.php\/wp-json\/wp\/v2\/media?parent=1092"}],"curies":[{"name":"wp","href":"https:\/\/api.w.org\/{rel}","templated":true}]}}